{"id":2452,"date":"2026-02-16T15:14:04","date_gmt":"2026-02-16T15:14:04","guid":{"rendered":"https:\/\/globaltech.equipment\/?post_type=product&#038;p=2452"},"modified":"2026-02-16T15:14:04","modified_gmt":"2026-02-16T15:14:04","slug":"sony-a7-v","status":"publish","type":"product","link":"https:\/\/globaltech.equipment\/?product=sony-a7-v","title":{"rendered":"Sony A7 V"},"content":{"rendered":"<p>D\u00e9couvrez le Sony A7 V, le bo\u00eetier hybride professionnel con\u00e7u pour repousser les limites de vos cr\u00e9ations photo et vid\u00e9o. \u00c9quip\u00e9 d&#8217;un capteur semi-empil\u00e9 de 33 MP, il offre une qualit\u00e9 d&#8217;image exceptionnelle, un enregistrement 4K jusqu&#8217;\u00e0 120p en 4:2:2 10 bits et des rafales ultra-rapides \u00e0 30 i\/s. Son nouveau processeur Bionz XR2 coupl\u00e9 au chipset IA de derni\u00e8re g\u00e9n\u00e9ration garantit un autofocus d&#8217;une pr\u00e9cision remarquable, m\u00eame dans les conditions les plus exigeantes.<\/p>\n<p><strong>Existe aussi en version :<\/strong><\/p>\n<ul>\n<li><a href=\"https:\/\/www.mnphotovideo.com\/sony-a7-v-fe-24-50mm-f-2-8-g-p-95313.html\" target=\"_blank\" rel=\"noopener\"><u>Sony A7 V + FE 24-50mm<\/u><\/a><\/li>\n<li><a href=\"https:\/\/www.mnphotovideo.com\/sony-a7-v-sigma-24-70mm-f-2-8-dg-dn-art-ii-p-95314.html\" target=\"_blank\" rel=\"noopener\"><u>Sony A7 V + Sigma 24-70mm<\/u><\/a><\/li>\n<li><a href=\"https:\/\/www.mnphotovideo.com\/sony-a7-v-sigma-28-70mm-f-2-8-dg-dn-contemporary-p-95315.html\" target=\"_blank\" rel=\"noopener\"><u>Sony A7 V + Sigma 28-70mm<\/u><\/a><\/li>\n<li><a href=\"https:\/\/www.mnphotovideo.com\/sony-a7-v-fe-24-70mm-f-2-8-gm-ii-p-95316.html\" target=\"_blank\" rel=\"noopener\"><u>Sony A7 V + FE 24-70mm<\/u><\/a><\/li>\n<li><a href=\"https:\/\/www.mnphotovideo.com\/sony-a7-v-fe-200-600mm-f-5-6-6-3-g-oss-p-95317.html\" target=\"_blank\" rel=\"noopener\"><u>Sony A7 V + FE 200-600mm<\/u><\/a><\/li>\n<li><a href=\"https:\/\/www.mnphotovideo.com\/sony-a7-v-sigma-28-105mm-f-2-8-dg-dn-art-p-95336.html\" target=\"_blank\" rel=\"noopener\"><u>Sony A7 V + Sigma 28-105mm<\/u><\/a><\/li>\n<li><a href=\"https:\/\/www.mnphotovideo.com\/sony-a7-v-fe-35mm-f-1-4-gm-p-95319.html\" target=\"_blank\" rel=\"noopener\"><u>Sony A7 V + FE 35mm<\/u><\/a><\/li>\n<li><a href=\"https:\/\/www.mnphotovideo.com\/sony-a7-v-fe-50mm-f-1-4-gm-p-95318.html\" target=\"_blank\" rel=\"noopener\"><u>Sony A7 V + FE 50mm<\/u><\/a><\/li>\n<li><a href=\"https:\/\/www.mnphotovideo.com\/sony-a7-v-2nd-batterie-et-chargeur-bc-qz1-p-95335.html\" target=\"_blank\" rel=\"noopener\"><u>Sony A7 V + 2 batteries et chargeur BC-QZ1<\/u><\/a><\/li>\n<\/ul>\n<p><strong>Pour en savoir plus :<\/strong><\/p>\n<ul>\n<li>Notre article de blog\u00a0<a href=\"https:\/\/www.mnphotovideo.com\/blog\/sony-a7-v-hybride-plein-format-polyvalent\/\" target=\"_blank\" rel=\"noopener\">&#8220;<\/a><a href=\"https:\/\/www.mnphotovideo.com\/blog\/sony-a7-v-hybride-plein-format-polyvalent\/\" target=\"_blank\" rel=\"noopener\"><u>Sony A7V : hybride plein format polyvalent<\/u><\/a>&#8220;<\/li>\n<\/ul>\n<h2>Points forts l&#8217;appareil photo Sony A7 V :<\/h2>\n<ul>\n<li>L&#8217;Intelligence Artificielle au c\u0153ur du syst\u00e8me<\/li>\n<li>Capteur 33 MP semi-empil\u00e9<\/li>\n<li>Vid\u00e9o 4K 60p sans recadrage<\/li>\n<li>Stabilisation IBIS 8 Stops<\/li>\n<li>Ergonomie et vis\u00e9e repens\u00e9es<\/li>\n<li>Connectivit\u00e9 et flux de travail pro<\/li>\n<\/ul>\n","protected":false},"excerpt":{"rendered":"<p>D\u00e9couvrez le Sony A7 V, le bo\u00eetier hybride professionnel con\u00e7u pour repousser les limites de vos cr\u00e9ations photo et vid\u00e9o. \u00c9quip\u00e9 d&#8217;un capteur semi-empil\u00e9 de 33 MP, il offre une qualit\u00e9 d&#8217;image exceptionnelle, un enregistrement 4K jusqu&#8217;\u00e0 120p en 4:2:2 10 bits et des rafales ultra-rapides \u00e0 30 i\/s. Son nouveau processeur Bionz XR2 coupl\u00e9 au chipset IA de derni\u00e8re g\u00e9n\u00e9ration garantit un autofocus d&#8217;une pr\u00e9cision remarquable, m\u00eame dans les conditions les plus exigeantes.<\/p>\n","protected":false},"featured_media":2456,"comment_status":"open","ping_status":"closed","template":"","meta":{"_acf_changed":false,"_monsterinsights_skip_tracking":false,"_monsterinsights_sitenote_active":false,"_monsterinsights_sitenote_note":"","_monsterinsights_sitenote_category":0},"product_brand":[94],"product_cat":[104,103],"product_tag":[],"class_list":{"0":"post-2452","1":"product","2":"type-product","3":"status-publish","4":"has-post-thumbnail","6":"product_brand-sony","7":"product_cat-appareil-photo-hybride","8":"product_cat-photo","9":"product_shipping_class-livraison","11":"first","12":"instock","13":"taxable","14":"shipping-taxable","15":"purchasable","16":"product-type-simple"},"acf":[],"aioseo_notices":[],"jetpack_sharing_enabled":true,"_links":{"self":[{"href":"https:\/\/globaltech.equipment\/index.php?rest_route=\/wp\/v2\/product\/2452","targetHints":{"allow":["GET"]}}],"collection":[{"href":"https:\/\/globaltech.equipment\/index.php?rest_route=\/wp\/v2\/product"}],"about":[{"href":"https:\/\/globaltech.equipment\/index.php?rest_route=\/wp\/v2\/types\/product"}],"replies":[{"embeddable":true,"href":"https:\/\/globaltech.equipment\/index.php?rest_route=%2Fwp%2Fv2%2Fcomments&post=2452"}],"wp:featuredmedia":[{"embeddable":true,"href":"https:\/\/globaltech.equipment\/index.php?rest_route=\/wp\/v2\/media\/2456"}],"wp:attachment":[{"href":"https:\/\/globaltech.equipment\/index.php?rest_route=%2Fwp%2Fv2%2Fmedia&parent=2452"}],"wp:term":[{"taxonomy":"product_brand","embeddable":true,"href":"https:\/\/globaltech.equipment\/index.php?rest_route=%2Fwp%2Fv2%2Fproduct_brand&post=2452"},{"taxonomy":"product_cat","embeddable":true,"href":"https:\/\/globaltech.equipment\/index.php?rest_route=%2Fwp%2Fv2%2Fproduct_cat&post=2452"},{"taxonomy":"product_tag","embeddable":true,"href":"https:\/\/globaltech.equipment\/index.php?rest_route=%2Fwp%2Fv2%2Fproduct_tag&post=2452"}],"curies":[{"name":"wp","href":"https:\/\/api.w.org\/{rel}","templated":true}]}}