{"id":3006,"date":"2026-02-18T11:18:47","date_gmt":"2026-02-18T11:18:47","guid":{"rendered":"https:\/\/globaltech.equipment\/?post_type=product&#038;p=3006"},"modified":"2026-02-18T11:18:47","modified_gmt":"2026-02-18T11:18:47","slug":"godox-parabolic158-reflecteur-parabolique-158-degres","status":"publish","type":"product","link":"https:\/\/globaltech.equipment\/?product=godox-parabolic158-reflecteur-parabolique-158-degres","title":{"rendered":"Godox Parabolic158 r\u00e9flecteur parabolique 158 degr\u00e9s"},"content":{"rendered":"<p>Ce modificateur de lumi\u00e8re est un r\u00e9flecteur parabolique qui vous offre de nouveaux moyens d&#8217;expression. Il est \u00e9quip\u00e9 d&#8217;une monture Bowens et il peut donc \u00eatre mont\u00e9 sur un \u00e9clairage ou un pied. Si vous souhaitez utiliser un support, il sera possible d&#8217;utiliser l&#8217;adaptateur Godox PF-M (en option). De plus, il peut \u00eatre utilis\u00e9 avec un syst\u00e8me de mise au point (en option).<\/p>\n<p>\u00c9galement disponible en diam\u00e8tre\u00a0<a href=\"https:\/\/www.mnphotovideo.com\/godox-parabolic68-reflecteur-parabolique-68-degres-p-53246.html\" target=\"_blank\" rel=\"noopener\"><u>Parabolic68<\/u><\/a>, Parabolic88 et Parabolic128<\/p>\n<p>\u00c9galement disponible en\u00a0<a href=\"https:\/\/www.mnphotovideo.com\/godox-p158kit-parabolic158-kit-parapluie-reflecteur-et-systeme-de-focus-p-53287.html\" target=\"_blank\" rel=\"noopener\"><u>kit avec le syst\u00e8me de mise au point<\/u><\/a><u>.<\/u><\/p>\n<h4>Points forts du r\u00e9flecteur parabolique 158 degr\u00e9s Godox Parabolic158\u00a0:<\/h4>\n<ul>\n<li>Monture Bowens<\/li>\n<li>Structure \u00e0 24 tiges<\/li>\n<li>Diam\u00e8tre de 150cm<\/li>\n<li>Surface interne argent\u00e9e<\/li>\n<li>Sac de transport inclus<\/li>\n<li>Plusieurs syst\u00e8me d&#8217;installation en option<\/li>\n<\/ul>\n<p>Ce r\u00e9flecteur prend une forme parabolique. Il est \u00e9quip\u00e9 d&#8217;une monture Bowens. Le faisceau produit par votre \u00e9clairage b\u00e9n\u00e9ficie d&#8217;une meilleure diffusion et d&#8217;un contraste optimis\u00e9. La structure comprend 24 tiges pour un grand nombre de panneaux internes et donc pour plus d&#8217;efficacit\u00e9. La modification de la lumi\u00e8re s&#8217;en trouve plus \u00e9quilibr\u00e9e. Un sac de transport est inclus.<\/p>\n","protected":false},"excerpt":{"rendered":"<p>Ce modificateur de lumi\u00e8re est un r\u00e9flecteur parabolique qui vous offre de nouveaux moyens d&#8217;expression. Il est \u00e9quip\u00e9 d&#8217;une monture Bowens et il peut donc \u00eatre mont\u00e9 sur un \u00e9clairage ou un pied. Si vous souhaitez utiliser un support, il sera possible d&#8217;utiliser l&#8217;adaptateur Godox PF-M (en option). De plus, il peut \u00eatre utilis\u00e9 avec un syst\u00e8me de mise au point (en option).<\/p>\n<p>&nbsp;<\/p>\n","protected":false},"featured_media":3010,"comment_status":"open","ping_status":"closed","template":"","meta":{"_acf_changed":false,"_monsterinsights_skip_tracking":false,"_monsterinsights_sitenote_active":false,"_monsterinsights_sitenote_note":"","_monsterinsights_sitenote_category":0},"product_brand":[],"product_cat":[139],"product_tag":[],"class_list":{"0":"post-3006","1":"product","2":"type-product","3":"status-publish","4":"has-post-thumbnail","6":"product_cat-reflecteur-parabolique","7":"product_shipping_class-livraison","9":"first","10":"instock","11":"taxable","12":"shipping-taxable","13":"purchasable","14":"product-type-simple"},"acf":[],"aioseo_notices":[],"jetpack_sharing_enabled":true,"_links":{"self":[{"href":"https:\/\/globaltech.equipment\/index.php?rest_route=\/wp\/v2\/product\/3006","targetHints":{"allow":["GET"]}}],"collection":[{"href":"https:\/\/globaltech.equipment\/index.php?rest_route=\/wp\/v2\/product"}],"about":[{"href":"https:\/\/globaltech.equipment\/index.php?rest_route=\/wp\/v2\/types\/product"}],"replies":[{"embeddable":true,"href":"https:\/\/globaltech.equipment\/index.php?rest_route=%2Fwp%2Fv2%2Fcomments&post=3006"}],"wp:featuredmedia":[{"embeddable":true,"href":"https:\/\/globaltech.equipment\/index.php?rest_route=\/wp\/v2\/media\/3010"}],"wp:attachment":[{"href":"https:\/\/globaltech.equipment\/index.php?rest_route=%2Fwp%2Fv2%2Fmedia&parent=3006"}],"wp:term":[{"taxonomy":"product_brand","embeddable":true,"href":"https:\/\/globaltech.equipment\/index.php?rest_route=%2Fwp%2Fv2%2Fproduct_brand&post=3006"},{"taxonomy":"product_cat","embeddable":true,"href":"https:\/\/globaltech.equipment\/index.php?rest_route=%2Fwp%2Fv2%2Fproduct_cat&post=3006"},{"taxonomy":"product_tag","embeddable":true,"href":"https:\/\/globaltech.equipment\/index.php?rest_route=%2Fwp%2Fv2%2Fproduct_tag&post=3006"}],"curies":[{"name":"wp","href":"https:\/\/api.w.org\/{rel}","templated":true}]}}