{"id":3305,"date":"2026-02-19T15:21:09","date_gmt":"2026-02-19T15:21:09","guid":{"rendered":"https:\/\/globaltech.equipment\/?post_type=product&#038;p=3305"},"modified":"2026-02-19T15:21:09","modified_gmt":"2026-02-19T15:21:09","slug":"dji-neo","status":"publish","type":"product","link":"https:\/\/globaltech.equipment\/?product=dji-neo","title":{"rendered":"Dji Neo"},"content":{"rendered":"<p>Venez d\u00e9couvrir le drone DJI Neo, ultra-compact et pesant moins de 135g, le drone plus l\u00e9ger a ce jour de la gamme de drones DJI. Il vous permet d&#8217;enregistrer des photos \u00e0 la r\u00e9solution 12 millions de pixels et des vid\u00e9os en 4K, le tout de mani\u00e8re stabilis\u00e9e sur un syst\u00e8me \u00e0 nacelle m\u00e9canique avec axe unique et avec une autonomie de vol de 18 minutes.<\/p>\n<h4>Points forts du DJI Neo :<\/h4>\n<ul>\n<li>Drone compact et ultra-l\u00e9ger : moins de 135g<\/li>\n<li>Facile \u00e0 utiliser<\/li>\n<li>Transmission vid\u00e9o HD jusqu&#8217;\u00e0 10 km<\/li>\n<li>Modes intelligents pour une cr\u00e9ativit\u00e9 boost\u00e9e<\/li>\n<li>Temps de vol maximum de 18 min<\/li>\n<li>Altitude maximum au d\u00e9collage de 2000m<\/li>\n<li>Cam\u00e9ra nacelle \u00e0 axe unique pour des s\u00e9quences fluides et sables<\/li>\n<\/ul>\n","protected":false},"excerpt":{"rendered":"<p>Venez d\u00e9couvrir le drone DJI Neo, ultra-compact et pesant moins de 135g, le drone plus l\u00e9ger a ce jour de la gamme de drones DJI. Il vous permet d&#8217;enregistrer des photos \u00e0 la r\u00e9solution 12 millions de pixels et des vid\u00e9os en 4K, le tout de mani\u00e8re stabilis\u00e9e sur un syst\u00e8me \u00e0 nacelle m\u00e9canique avec axe unique et avec une autonomie de vol de 18 minutes.<\/p>\n","protected":false},"featured_media":3310,"comment_status":"open","ping_status":"closed","template":"","meta":{"_acf_changed":false,"_monsterinsights_skip_tracking":false,"_monsterinsights_sitenote_active":false,"_monsterinsights_sitenote_note":"","_monsterinsights_sitenote_category":0},"product_brand":[82],"product_cat":[162],"product_tag":[],"class_list":{"0":"post-3305","1":"product","2":"type-product","3":"status-publish","4":"has-post-thumbnail","6":"product_brand-dji","7":"product_cat-drone-de-prise-de-vue","8":"product_shipping_class-livraison","10":"first","11":"instock","12":"taxable","13":"shipping-taxable","14":"purchasable","15":"product-type-simple"},"acf":[],"aioseo_notices":[],"jetpack_sharing_enabled":true,"_links":{"self":[{"href":"https:\/\/globaltech.equipment\/index.php?rest_route=\/wp\/v2\/product\/3305","targetHints":{"allow":["GET"]}}],"collection":[{"href":"https:\/\/globaltech.equipment\/index.php?rest_route=\/wp\/v2\/product"}],"about":[{"href":"https:\/\/globaltech.equipment\/index.php?rest_route=\/wp\/v2\/types\/product"}],"replies":[{"embeddable":true,"href":"https:\/\/globaltech.equipment\/index.php?rest_route=%2Fwp%2Fv2%2Fcomments&post=3305"}],"wp:featuredmedia":[{"embeddable":true,"href":"https:\/\/globaltech.equipment\/index.php?rest_route=\/wp\/v2\/media\/3310"}],"wp:attachment":[{"href":"https:\/\/globaltech.equipment\/index.php?rest_route=%2Fwp%2Fv2%2Fmedia&parent=3305"}],"wp:term":[{"taxonomy":"product_brand","embeddable":true,"href":"https:\/\/globaltech.equipment\/index.php?rest_route=%2Fwp%2Fv2%2Fproduct_brand&post=3305"},{"taxonomy":"product_cat","embeddable":true,"href":"https:\/\/globaltech.equipment\/index.php?rest_route=%2Fwp%2Fv2%2Fproduct_cat&post=3305"},{"taxonomy":"product_tag","embeddable":true,"href":"https:\/\/globaltech.equipment\/index.php?rest_route=%2Fwp%2Fv2%2Fproduct_tag&post=3305"}],"curies":[{"name":"wp","href":"https:\/\/api.w.org\/{rel}","templated":true}]}}